{"id":445,"date":"2020-12-20T16:44:35","date_gmt":"2020-12-20T16:44:35","guid":{"rendered":"https:\/\/spesalucana.it\/?post_type=product&#038;p=445"},"modified":"2020-12-20T16:44:36","modified_gmt":"2020-12-20T16:44:36","slug":"difesa-luna-crema-cronoprotettiva-alta-protezione-spf30-fysiko-farma","status":"publish","type":"product","link":"https:\/\/spesalucana.it\/?product=difesa-luna-crema-cronoprotettiva-alta-protezione-spf30-fysiko-farma","title":{"rendered":"Difesa Luna Crema Cronoprotettiva Alta Protezione Spf30 Fysiko Farma"},"content":{"rendered":"<h2>Difesa Luna Crema Cronoprotettiva Alta Protezione Spf30 Fysiko Farma Uva-uvb 50ml 1,69fl.oz.<\/h2>\n<p>Questa speciale crema viso protettiva con SPF30 dalla consistenza leggera protegge la pelle dai fattori nocivi esterni come raggi UVA e UVB. La crema \u00e8 stata arricchita con un mix di oli preziosi: olio di mandorle dolci, olio di borragine, olio di semi di lino e olio d\u2019oliva dalle propriet\u00e0 nutrienti, elasticizzanti e leviganti. \u00c8 invisibile sulla pelle e pu\u00f2 essere usata come base per il trucco. Si rimuove facilmente con il detergente abituale. Ideale per tutti i tipi di pelle<\/p>\n<p>Uso: Applicare in modo uniforme e generoso su viso, collo, d\u00e9collet\u00e9 30 minuti prima dell\u2019esposizione al sole. Per mantenere la massima protezione rinnovare frequentemente l\u2019applicazione.<\/p>\n<p>Tipi di pelle: tutte, miste, secche<\/p>\n<p>Quando: giorno<\/p>\n<p>Prodotto cosmetico per uso esterno<\/p>\n<p>Avvertenze: Evitare il contatto con gli occhi. Tenere lontano dalla portata dei bambini. Non esporsi al sole troppo a lungo anche se si utilizza un prodotto per la protezione solare. Un\u2019 eccessiva esposizione solare ai raggi UV costituisce un grave rischio per la salute<\/p>\n<p>Conservare in luogo fresco e asciutto<\/p>\n<p><strong>Prodotto in Italia<\/strong><\/p>\n","protected":false},"excerpt":{"rendered":"<p>Difesa Luna Crema Cronoprotettiva Alta Protezione Spf30 Fysiko Farma Uva-uvb 50ml 1,69fl.oz. Questa speciale crema viso protettiva con SPF30 dalla consistenza leggera protegge la pelle dai fattori nocivi esterni come raggi UVA e UVB. La crema \u00e8 stata arricchita con un mix di oli preziosi: olio di mandorle dolci, olio di borragine, olio di semi<a class=\"more-link\" href=\"https:\/\/spesalucana.it\/?product=difesa-luna-crema-cronoprotettiva-alta-protezione-spf30-fysiko-farma\">Read more  &#10230;<\/a><\/p>\n","protected":false},"featured_media":446,"comment_status":"open","ping_status":"closed","template":"","meta":{"_editorskit_title_hidden":false,"_editorskit_reading_time":0},"yoast_head":"<!-- This site is optimized with the Yoast SEO plugin v15.8 - https:\/\/yoast.com\/wordpress\/plugins\/seo\/ -->\n<title>Difesa Luna Crema Cronoprotettiva Alta Protezione Spf30 Fysiko Farma - Spesa Lucana<\/title>\n<meta name=\"robots\" content=\"noindex, follow, max-snippet:-1, max-image-preview:large, max-video-preview:-1\" \/>\n<meta property=\"og:locale\" content=\"it_IT\" \/>\n<meta property=\"og:type\" content=\"article\" \/>\n<meta property=\"og:title\" content=\"Difesa Luna Crema Cronoprotettiva Alta Protezione Spf30 Fysiko Farma - Spesa Lucana\" \/>\n<meta property=\"og:description\" content=\"Difesa Luna Crema Cronoprotettiva Alta Protezione Spf30 Fysiko Farma Uva-uvb 50ml 1,69fl.oz. Questa speciale crema viso protettiva con SPF30 dalla consistenza leggera protegge la pelle dai fattori nocivi esterni come raggi UVA e UVB. La crema \u00e8 stata arricchita con un mix di oli preziosi: olio di mandorle dolci, olio di borragine, olio di semiRead more &#10230;\" \/>\n<meta property=\"og:url\" content=\"https:\/\/spesalucana.it\/?product=difesa-luna-crema-cronoprotettiva-alta-protezione-spf30-fysiko-farma\" \/>\n<meta property=\"og:site_name\" content=\"Spesa Lucana\" \/>\n<meta property=\"article:modified_time\" content=\"2020-12-20T16:44:36+00:00\" \/>\n<meta property=\"og:image\" content=\"https:\/\/spesalucana.it\/wp-content\/uploads\/2020\/12\/difesa-luna-crema-cronoprotettiva-alta-protezione-spf30-fysikofarma.jpg\" \/>\n\t<meta property=\"og:image:width\" content=\"750\" \/>\n\t<meta property=\"og:image:height\" content=\"750\" \/>\n<meta name=\"twitter:card\" content=\"summary_large_image\" \/>\n<meta name=\"twitter:label1\" content=\"Tempo di lettura stimato\">\n\t<meta name=\"twitter:data1\" content=\"1 minuto\">\n<script type=\"application\/ld+json\" class=\"yoast-schema-graph\">{\"@context\":\"https:\/\/schema.org\",\"@graph\":[{\"@type\":\"WebSite\",\"@id\":\"https:\/\/spesalucana.it\/#website\",\"url\":\"https:\/\/spesalucana.it\/\",\"name\":\"Spesa Lucana\",\"description\":\"Just another WordPress site\",\"potentialAction\":[{\"@type\":\"SearchAction\",\"target\":\"https:\/\/spesalucana.it\/?s={search_term_string}\",\"query-input\":\"required name=search_term_string\"}],\"inLanguage\":\"it-IT\"},{\"@type\":\"ImageObject\",\"@id\":\"https:\/\/spesalucana.it\/?product=difesa-luna-crema-cronoprotettiva-alta-protezione-spf30-fysiko-farma#primaryimage\",\"inLanguage\":\"it-IT\",\"url\":\"https:\/\/spesalucana.it\/wp-content\/uploads\/2020\/12\/difesa-luna-crema-cronoprotettiva-alta-protezione-spf30-fysikofarma.jpg\",\"width\":750,\"height\":750},{\"@type\":\"WebPage\",\"@id\":\"https:\/\/spesalucana.it\/?product=difesa-luna-crema-cronoprotettiva-alta-protezione-spf30-fysiko-farma#webpage\",\"url\":\"https:\/\/spesalucana.it\/?product=difesa-luna-crema-cronoprotettiva-alta-protezione-spf30-fysiko-farma\",\"name\":\"Difesa Luna Crema Cronoprotettiva Alta Protezione Spf30 Fysiko Farma - Spesa Lucana\",\"isPartOf\":{\"@id\":\"https:\/\/spesalucana.it\/#website\"},\"primaryImageOfPage\":{\"@id\":\"https:\/\/spesalucana.it\/?product=difesa-luna-crema-cronoprotettiva-alta-protezione-spf30-fysiko-farma#primaryimage\"},\"datePublished\":\"2020-12-20T16:44:35+00:00\",\"dateModified\":\"2020-12-20T16:44:36+00:00\",\"breadcrumb\":{\"@id\":\"https:\/\/spesalucana.it\/?product=difesa-luna-crema-cronoprotettiva-alta-protezione-spf30-fysiko-farma#breadcrumb\"},\"inLanguage\":\"it-IT\",\"potentialAction\":[{\"@type\":\"ReadAction\",\"target\":[\"https:\/\/spesalucana.it\/?product=difesa-luna-crema-cronoprotettiva-alta-protezione-spf30-fysiko-farma\"]}]},{\"@type\":\"BreadcrumbList\",\"@id\":\"https:\/\/spesalucana.it\/?product=difesa-luna-crema-cronoprotettiva-alta-protezione-spf30-fysiko-farma#breadcrumb\",\"itemListElement\":[{\"@type\":\"ListItem\",\"position\":1,\"item\":{\"@type\":\"WebPage\",\"@id\":\"https:\/\/spesalucana.it\/\",\"url\":\"https:\/\/spesalucana.it\/\",\"name\":\"Home\"}},{\"@type\":\"ListItem\",\"position\":2,\"item\":{\"@type\":\"WebPage\",\"@id\":\"https:\/\/spesalucana.it\/?page_id=7\",\"url\":\"https:\/\/spesalucana.it\/?page_id=7\",\"name\":\"Shop\"}},{\"@type\":\"ListItem\",\"position\":3,\"item\":{\"@type\":\"WebPage\",\"@id\":\"https:\/\/spesalucana.it\/?product=difesa-luna-crema-cronoprotettiva-alta-protezione-spf30-fysiko-farma\",\"url\":\"https:\/\/spesalucana.it\/?product=difesa-luna-crema-cronoprotettiva-alta-protezione-spf30-fysiko-farma\",\"name\":\"Difesa Luna Crema Cronoprotettiva Alta Protezione Spf30 Fysiko Farma\"}}]}]}<\/script>\n<!-- \/ Yoast SEO plugin. -->","_links":{"self":[{"href":"https:\/\/spesalucana.it\/index.php?rest_route=\/wp\/v2\/product\/445"}],"collection":[{"href":"https:\/\/spesalucana.it\/index.php?rest_route=\/wp\/v2\/product"}],"about":[{"href":"https:\/\/spesalucana.it\/index.php?rest_route=\/wp\/v2\/types\/product"}],"replies":[{"embeddable":true,"href":"https:\/\/spesalucana.it\/index.php?rest_route=%2Fwp%2Fv2%2Fcomments&post=445"}],"wp:featuredmedia":[{"embeddable":true,"href":"https:\/\/spesalucana.it\/index.php?rest_route=\/wp\/v2\/media\/446"}],"wp:attachment":[{"href":"https:\/\/spesalucana.it\/index.php?rest_route=%2Fwp%2Fv2%2Fmedia&parent=445"}],"curies":[{"name":"wp","href":"https:\/\/api.w.org\/{rel}","templated":true}]}}